{"id":194,"date":"2025-12-02T17:23:41","date_gmt":"2025-12-02T17:23:41","guid":{"rendered":"http:\/\/artpark.city\/?page_id=194"},"modified":"2025-12-02T17:25:27","modified_gmt":"2025-12-02T17:25:27","slug":"gracias","status":"publish","type":"page","link":"https:\/\/artpark.city\/en\/gracias\/","title":{"rendered":"Gracias"},"content":{"rendered":"<div id=\"pl-194\"  class=\"panel-layout\" ><div id=\"pg-194-0\"  class=\"panel-grid panel-has-style\" ><div class=\"siteorigin-panels-stretch panel-row-style panel-row-style-for-194-0\" data-stretch-type=\"full-width-stretch\" ><div id=\"pgc-194-0-0\"  class=\"panel-grid-cell\" ><div id=\"panel-194-0-0-0\" class=\"widget_text so-panel widget widget_custom_html panel-first-child panel-last-child\" data-index=\"0\" ><div class=\"textwidget custom-html-widget\"><section class=\"container-xxl py-5 my-5\">\n    <div class=\"row\">\n        <div class=\"col text-center\">\n            <h2 class=\"text-black \">\u00bfPor qu\u00e9 <span style=\"color: #F59C24\">elegir<\/span> ARTPARK?<\/h2>\n            <p class=\"text-dark fw-light my-5\">\n                Hemos recibido tu informaci\u00f3n y en breve uno de nuestros asesores se pondr\u00e1 en contacto contigo.\n            <\/p>\n            <a href=\"#contacto\" class=\"button button-primary\">VOLVER A INICIO<\/a>\n        <\/div>\n    <\/div>\n<\/section><\/div><\/div><\/div><\/div><\/div><div id=\"pg-194-1\"  class=\"panel-grid panel-has-style\" ><div class=\"siteorigin-panels-stretch panel-row-style panel-row-style-for-194-1\" data-stretch-type=\"full-width-stretch\" ><div id=\"pgc-194-1-0\"  class=\"panel-grid-cell\" ><div id=\"panel-194-1-0-0\" class=\"widget_text so-panel widget widget_custom_html panel-first-child panel-last-child\" data-index=\"1\" ><div class=\"textwidget custom-html-widget\"><section class=\"container-xxl py-5\">\n    <div class=\"row\">\n        <div class=\"col\">\n            <img decoding=\"async\" src=\"\/wp-content\/uploads\/2025\/12\/ima_middle-1.png\" class=\"img-fluid w-100\" alt=\"Artpark\">\n        <\/div>\n    <\/div>\n<\/section><\/div><\/div><\/div><\/div><\/div><div id=\"pg-194-2\"  class=\"panel-grid panel-has-style\" ><div class=\"siteorigin-panels-stretch panel-row-style panel-row-style-for-194-2\" data-stretch-type=\"full-width-stretch\" ><div id=\"pgc-194-2-0\"  class=\"panel-grid-cell\" ><div id=\"panel-194-2-0-0\" class=\"widget_text so-panel widget widget_custom_html panel-first-child panel-last-child\" data-index=\"2\" ><div class=\"textwidget custom-html-widget\"><script>\n  document.addEventListener(\"DOMContentLoaded\", function () {\n    const offset = 100;\n    const links = document.querySelectorAll('a[href^=\"#\"]');\n\n    links.forEach(link => {\n      link.addEventListener(\"click\", function (e) {\n        e.preventDefault();\n        const targetId = this.getAttribute(\"href\");\n        \n        window.location.href = '\/' + targetId;\n      });\n    });\n  });\n<\/script><\/div><\/div><\/div><\/div><\/div><\/div>","protected":false},"excerpt":{"rendered":"<p>\u00bfPor qu\u00e9 elegir ARTPARK? Hemos recibido tu informaci\u00f3n y en breve uno de nuestros asesores se pondr\u00e1 en contacto contigo. VOLVER A INICIO<\/p>","protected":false},"author":1,"featured_media":0,"parent":0,"menu_order":0,"comment_status":"closed","ping_status":"closed","template":"templates\/template-full-notitle.php","meta":{"footnotes":""},"class_list":["post-194","page","type-page","status-publish","hentry","post"],"_links":{"self":[{"href":"https:\/\/artpark.city\/en\/wp-json\/wp\/v2\/pages\/194","targetHints":{"allow":["GET"]}}],"collection":[{"href":"https:\/\/artpark.city\/en\/wp-json\/wp\/v2\/pages"}],"about":[{"href":"https:\/\/artpark.city\/en\/wp-json\/wp\/v2\/types\/page"}],"author":[{"embeddable":true,"href":"https:\/\/artpark.city\/en\/wp-json\/wp\/v2\/users\/1"}],"replies":[{"embeddable":true,"href":"https:\/\/artpark.city\/en\/wp-json\/wp\/v2\/comments?post=194"}],"version-history":[{"count":3,"href":"https:\/\/artpark.city\/en\/wp-json\/wp\/v2\/pages\/194\/revisions"}],"predecessor-version":[{"id":197,"href":"https:\/\/artpark.city\/en\/wp-json\/wp\/v2\/pages\/194\/revisions\/197"}],"wp:attachment":[{"href":"https:\/\/artpark.city\/en\/wp-json\/wp\/v2\/media?parent=194"}],"curies":[{"name":"wp","href":"https:\/\/api.w.org\/{rel}","templated":true}]}}